{"id":1033,"date":"2017-08-28T09:06:20","date_gmt":"2017-08-28T09:06:20","guid":{"rendered":"http:\/\/denta.cmsmasters.net\/?page_id=1033"},"modified":"2022-01-27T17:16:08","modified_gmt":"2022-01-27T14:16:08","slug":"make-appointments","status":"publish","type":"page","link":"https:\/\/urartudis.com\/index.php\/make-appointments\/","title":{"rendered":"Randevu Al"},"content":{"rendered":"<p>T\u00fcm Randevular\u0131n\u0131z i\u00e7in bize ula\u015fabilirsiniz.<\/p>\n<p>\u0130sterseniz whatsapp ikonundan bizimle ileti\u015fime ge\u00e7ebilirsiniz.<\/p>\n","protected":false},"excerpt":{"rendered":"<p>T\u00fcm Randevular\u0131n\u0131z i\u00e7in bize ula\u015fabilirsiniz. \u0130sterseniz whatsapp ikonundan bizimle ileti\u015fime ge\u00e7ebilirsiniz.<\/p>\n","protected":false},"author":1,"featured_media":0,"parent":0,"menu_order":0,"comment_status":"closed","ping_status":"closed","template":"","meta":{"footnotes":""},"class_list":["post-1033","page","type-page","status-publish","hentry"],"yoast_head":"<!-- This site is optimized with the Yoast SEO plugin v18.0 - https:\/\/yoast.com\/wordpress\/plugins\/seo\/ -->\n<title>Randevu Al - Urartu Di\u015f<\/title>\n<meta name=\"robots\" content=\"index, follow, max-snippet:-1, max-image-preview:large, max-video-preview:-1\" \/>\n<link rel=\"canonical\" href=\"http:\/\/urartudis.com\/index.php\/make-appointments\/\" \/>\n<meta property=\"og:locale\" content=\"tr_TR\" \/>\n<meta property=\"og:type\" content=\"article\" \/>\n<meta property=\"og:title\" content=\"Randevu Al - Urartu Di\u015f\" \/>\n<meta property=\"og:description\" content=\"T\u00fcm Randevular\u0131n\u0131z i\u00e7in bize ula\u015fabilirsiniz. \u0130sterseniz whatsapp ikonundan bizimle ileti\u015fime ge\u00e7ebilirsiniz.\" \/>\n<meta property=\"og:url\" content=\"http:\/\/urartudis.com\/index.php\/make-appointments\/\" \/>\n<meta property=\"og:site_name\" content=\"Urartu Di\u015f\" \/>\n<meta property=\"article:modified_time\" content=\"2022-01-27T14:16:08+00:00\" \/>\n<meta name=\"twitter:card\" content=\"summary_large_image\" \/>\n<meta name=\"twitter:label1\" content=\"Tahmini okuma s\u00fcresi\" \/>\n\t<meta name=\"twitter:data1\" content=\"1 dakika\" \/>\n<script type=\"application\/ld+json\" class=\"yoast-schema-graph\">{\"@context\":\"https:\/\/schema.org\",\"@graph\":[{\"@type\":\"WebSite\",\"@id\":\"https:\/\/urartudis.com\/#website\",\"url\":\"https:\/\/urartudis.com\/\",\"name\":\"Urartu Di\u015f\",\"description\":\"Urartu A Tipi A\u011f\u0131z ve Di\u015f poliklini\u011fi\",\"potentialAction\":[{\"@type\":\"SearchAction\",\"target\":{\"@type\":\"EntryPoint\",\"urlTemplate\":\"https:\/\/urartudis.com\/?s={search_term_string}\"},\"query-input\":\"required name=search_term_string\"}],\"inLanguage\":\"tr\"},{\"@type\":\"WebPage\",\"@id\":\"http:\/\/urartudis.com\/index.php\/make-appointments\/#webpage\",\"url\":\"http:\/\/urartudis.com\/index.php\/make-appointments\/\",\"name\":\"Randevu Al - Urartu Di\u015f\",\"isPartOf\":{\"@id\":\"https:\/\/urartudis.com\/#website\"},\"datePublished\":\"2017-08-28T09:06:20+00:00\",\"dateModified\":\"2022-01-27T14:16:08+00:00\",\"breadcrumb\":{\"@id\":\"http:\/\/urartudis.com\/index.php\/make-appointments\/#breadcrumb\"},\"inLanguage\":\"tr\",\"potentialAction\":[{\"@type\":\"ReadAction\",\"target\":[\"http:\/\/urartudis.com\/index.php\/make-appointments\/\"]}]},{\"@type\":\"BreadcrumbList\",\"@id\":\"http:\/\/urartudis.com\/index.php\/make-appointments\/#breadcrumb\",\"itemListElement\":[{\"@type\":\"ListItem\",\"position\":1,\"name\":\"Home\",\"item\":\"https:\/\/urartudis.com\/\"},{\"@type\":\"ListItem\",\"position\":2,\"name\":\"Randevu Al\"}]}]}<\/script>\n<!-- \/ Yoast SEO plugin. -->","yoast_head_json":{"title":"Randevu Al - Urartu Di\u015f","robots":{"index":"index","follow":"follow","max-snippet":"max-snippet:-1","max-image-preview":"max-image-preview:large","max-video-preview":"max-video-preview:-1"},"canonical":"http:\/\/urartudis.com\/index.php\/make-appointments\/","og_locale":"tr_TR","og_type":"article","og_title":"Randevu Al - Urartu Di\u015f","og_description":"T\u00fcm Randevular\u0131n\u0131z i\u00e7in bize ula\u015fabilirsiniz. \u0130sterseniz whatsapp ikonundan bizimle ileti\u015fime ge\u00e7ebilirsiniz.","og_url":"http:\/\/urartudis.com\/index.php\/make-appointments\/","og_site_name":"Urartu Di\u015f","article_modified_time":"2022-01-27T14:16:08+00:00","twitter_card":"summary_large_image","twitter_misc":{"Tahmini okuma s\u00fcresi":"1 dakika"},"schema":{"@context":"https:\/\/schema.org","@graph":[{"@type":"WebSite","@id":"https:\/\/urartudis.com\/#website","url":"https:\/\/urartudis.com\/","name":"Urartu Di\u015f","description":"Urartu A Tipi A\u011f\u0131z ve Di\u015f poliklini\u011fi","potentialAction":[{"@type":"SearchAction","target":{"@type":"EntryPoint","urlTemplate":"https:\/\/urartudis.com\/?s={search_term_string}"},"query-input":"required name=search_term_string"}],"inLanguage":"tr"},{"@type":"WebPage","@id":"http:\/\/urartudis.com\/index.php\/make-appointments\/#webpage","url":"http:\/\/urartudis.com\/index.php\/make-appointments\/","name":"Randevu Al - Urartu Di\u015f","isPartOf":{"@id":"https:\/\/urartudis.com\/#website"},"datePublished":"2017-08-28T09:06:20+00:00","dateModified":"2022-01-27T14:16:08+00:00","breadcrumb":{"@id":"http:\/\/urartudis.com\/index.php\/make-appointments\/#breadcrumb"},"inLanguage":"tr","potentialAction":[{"@type":"ReadAction","target":["http:\/\/urartudis.com\/index.php\/make-appointments\/"]}]},{"@type":"BreadcrumbList","@id":"http:\/\/urartudis.com\/index.php\/make-appointments\/#breadcrumb","itemListElement":[{"@type":"ListItem","position":1,"name":"Home","item":"https:\/\/urartudis.com\/"},{"@type":"ListItem","position":2,"name":"Randevu Al"}]}]}},"_links":{"self":[{"href":"https:\/\/urartudis.com\/index.php\/wp-json\/wp\/v2\/pages\/1033","targetHints":{"allow":["GET"]}}],"collection":[{"href":"https:\/\/urartudis.com\/index.php\/wp-json\/wp\/v2\/pages"}],"about":[{"href":"https:\/\/urartudis.com\/index.php\/wp-json\/wp\/v2\/types\/page"}],"author":[{"embeddable":true,"href":"https:\/\/urartudis.com\/index.php\/wp-json\/wp\/v2\/users\/1"}],"replies":[{"embeddable":true,"href":"https:\/\/urartudis.com\/index.php\/wp-json\/wp\/v2\/comments?post=1033"}],"version-history":[{"count":2,"href":"https:\/\/urartudis.com\/index.php\/wp-json\/wp\/v2\/pages\/1033\/revisions"}],"predecessor-version":[{"id":2852,"href":"https:\/\/urartudis.com\/index.php\/wp-json\/wp\/v2\/pages\/1033\/revisions\/2852"}],"wp:attachment":[{"href":"https:\/\/urartudis.com\/index.php\/wp-json\/wp\/v2\/media?parent=1033"}],"curies":[{"name":"wp","href":"https:\/\/api.w.org\/{rel}","templated":true}]}}