{"id":1073,"date":"2017-08-28T11:34:35","date_gmt":"2017-08-28T11:34:35","guid":{"rendered":"http:\/\/denta.cmsmasters.net\/?page_id=1073"},"modified":"2022-01-27T17:54:53","modified_gmt":"2022-01-27T14:54:53","slug":"about-us","status":"publish","type":"page","link":"https:\/\/urartudis.com\/index.php\/about-us\/","title":{"rendered":"Hakk\u0131m\u0131zda"},"content":{"rendered":"<div id=\"c5ab-section-mcjkqVxZyYRWzd\" class=\"c5-light-background c5ab-desktop-TRUE c5ab-tablet-TRUE c5ab-mobile-TRUE  c5ab-section-common c5ab-align-left code125-ab-background-wrap\">\n<div class=\"c5ab-center-content\">\n<div id=\"c5ab-row-mcjkqVxZyYRWzd\" class=\"c5ab-row clearfix\">\n<div id=\"c5ab-column-bOeOgexZyYRWzd\" class=\"c5ab-col-base c5ab-col-lg-12 c5ab-col-md-6 c5ab-col-sm-12 c5-light-background  \">\n<div class=\"code125-ab-background-wrap \">\n<div id=\"c5ab-widget-KliGkyRWzd\" class=\"c5ab-widget widget_text-widget c5ab-desktop-TRUE c5ab-tablet-TRUE c5ab-mobile-TRUE\">\n<div class=\"code125-article-layout-common\">\n<div class=\"entry-content\">\n<p>Di\u015f poliklini\u011fi\u201d dendi\u011finde ak\u0131llara ilk olarak cerrahi g\u00f6r\u00fcn\u00fcml\u00fc bir ortam geliyor olabilir. Fakat biz bu alg\u0131y\u0131 kald\u0131r\u0131yoruz! \u0130stanbul&#8217;un merkezi Fulya\u2019da sa\u011fl\u0131kl\u0131 di\u015flere ve m\u00fckemmel bir g\u00fcl\u00fc\u015fe kavu\u015faca\u011f\u0131n\u0131z bir di\u015f sa\u011fl\u0131\u011f\u0131 merkezi kurduk. Modern ve son teknolojiye sahip olan Urartu\u2019da kendinizi rahat ve iyi hissedebilirsiniz.<\/p>\n<p>Di\u015f hekimli\u011fi prosed\u00fcrleriyle ilgili kayg\u0131 ve fobilerin sadece \u00e7ocuklarla s\u0131n\u0131rl\u0131 olmad\u0131\u011f\u0131n\u0131, yeti\u015fkinlerin de bu problemi ya\u015fad\u0131\u011f\u0131n\u0131 biliyoruz. Bu nedenle; hastalar endi\u015fe ya\u015famas\u0131n diye sadece su seslerini duyabilece\u011fi dinlenme alan\u0131nda tedavi \u00f6ncesi ve sonras\u0131nda rahatlayabilir. Dinlenme alan\u0131n yan\u0131 s\u0131ra masaj koltuklar\u0131n\u0131n oldu\u011fu b\u00f6l\u00fcmde<\/p>\n<p>Di\u015f poliklini\u011fi\u201d dendi\u011finde ak\u0131llara ilk olarak korkutucu bir ortam geliyor olabilir. Fakat biz bu alg\u0131y\u0131 kald\u0131r\u0131yoruz! Van&#8217;\u0131n merkezi \u0130pekyolun\u2019da sa\u011fl\u0131kl\u0131 di\u015flere ve m\u00fckemmel bir g\u00fcl\u00fc\u015fe kavu\u015faca\u011f\u0131n\u0131z bir di\u015f sa\u011fl\u0131\u011f\u0131 merkezi kurduk. Modern ve son teknolojiye sahip olan Urartu\u2019da kendinizi rahat ve iyi hissedebilirsiniz.<\/p>\n<p>Di\u015f hekimli\u011fi prosed\u00fcrleriyle ilgili kayg\u0131 ve fobilerin sadece \u00e7ocuklarla s\u0131n\u0131rl\u0131 olmad\u0131\u011f\u0131n\u0131, yeti\u015fkinlerin de bu problemi ya\u015fad\u0131\u011f\u0131n\u0131 biliyoruz. Bu nedenle; hastalar endi\u015fe ya\u015famas\u0131n diye sadece m\u00fczik seslerini duyabilece\u011fi dinlenme alan\u0131nda tedavi \u00f6ncesi ve sonras\u0131nda rahatlayabilir. Dinlenme alan\u0131n yan\u0131 s\u0131ra rahat koltuklar\u0131n\u0131n oldu\u011fu b\u00f6l\u00fcmde de kendinizi rahat ve huzurlu hissedebilirsiniz.<\/p>\n<\/div>\n<\/div>\n<\/div>\n<\/div>\n<\/div>\n<\/div>\n<\/div>\n<\/div>\n<div id=\"c5ab-section-dvxMOd\" class=\"c5-light-background c5ab-desktop-TRUE c5ab-tablet-TRUE c5ab-mobile-TRUE  c5ab-section-common c5ab-align-left code125-ab-background-wrap\">\n<div class=\"c5ab-center-content\">\n<div id=\"c5ab-row-dvxMOd\" class=\"c5ab-row clearfix\">\n<div id=\"c5ab-column-zTVJCn\" class=\"c5ab-col-base c5ab-col-lg-12 c5ab-col-md-12 c5ab-col-sm-12 c5-light-background  \">\n<div class=\"code125-ab-background-wrap \">\n<div id=\"c5ab-widget-mypUPV\" class=\"c5ab-widget widget_banner-content-widget c5ab-desktop-TRUE c5ab-tablet-TRUE c5ab-mobile-TRUE\">\n<div class=\"code125-banner-content code125-banner-content-align-center code125-banner-content-animation-on code125-banner-content-layout-text clearfix\">\n<h3 class=\"code125-extended-title-common  code125-extended-title-jhcdFn\">\u201cSadece di\u015flerinizi de\u011fil, hayat\u0131n\u0131z\u0131 da de\u011fi\u015ftiriyoruz.\u201d<\/h3>\n<\/div>\n<\/div>\n<\/div>\n<\/div>\n<\/div>\n<\/div>\n<\/div>\n<div id=\"c5ab-section-mcjkqVxZyY\" class=\"c5-light-background c5ab-desktop-TRUE c5ab-tablet-TRUE c5ab-mobile-TRUE  c5ab-section-common c5ab-align-left code125-ab-background-wrap\">\n<div class=\"c5ab-center-content\">\n<div id=\"c5ab-row-mcjkqVxZyY\" class=\"c5ab-row clearfix\">\n<div id=\"c5ab-column-bOeOgexZyY\" class=\"c5ab-col-base c5ab-col-lg-12 c5ab-col-md-6 c5ab-col-sm-12 c5-light-background  \">\n<div class=\"code125-ab-background-wrap \">\n<div id=\"c5ab-widget-KliGky\" class=\"c5ab-widget widget_text-widget c5ab-desktop-TRUE c5ab-tablet-TRUE c5ab-mobile-TRUE code125-banner-in-view\">\n<div class=\"code125-article-layout-common\">\n<div class=\"entry-content\">\n<p>Geleneksel di\u015f kliniklerinden farkl\u0131 olarak Urartu\u2019da endi\u015fe ya\u015famayacak, aksine rahat hissedeceksiniz. Bekleme alan\u0131m\u0131zdaki \u00e7ok sat\u0131lan uluslararas\u0131 dergi koleksiyonundan, sevdi\u011finiz filmleri i\u00e7eren geni\u015f ekran TV&#8217;lerden, yo\u011fun program\u0131n\u0131z\u0131 geride b\u0131rakman\u0131za yard\u0131mc\u0131 olacak dinlendirici m\u00fczi\u011fe kadar en ince ayr\u0131nt\u0131lar\u0131 d\u00fc\u015f\u00fcnd\u00fck. Her \u015feyden \u00f6nce ad\u0131m att\u0131\u011f\u0131n\u0131z andan, \u00e7\u0131kana kadar ekibimizin s\u0131cak g\u00fcl\u00fcmsemesi size e\u015flik edecek.<\/p>\n<p>Hak etti\u011finiz di\u015f bak\u0131m\u0131n\u0131 sa\u011flamak ad\u0131na en geli\u015fmi\u015f di\u015f ekipmanlar\u0131n\u0131, en iyi malzemeleri ve ara\u015ft\u0131rma odakl\u0131 uygulamalar\u0131 kullan\u0131yoruz. Urartu, Van\u2019da sa\u011fl\u0131kl\u0131 di\u015fler ve m\u00fckemmel bir g\u00fcl\u00fcmseme i\u00e7in tek adres! Ayn\u0131 zamanda Urartu; di\u015f implantlar\u0131, ortodonti tedavisi ve dijital g\u00fcl\u00fc\u015f tasar\u0131m\u0131 gibi A\u2019dan Z\u2019ye kadar ihtiya\u00e7 duydu\u011funuz her \u015feyi bulabilece\u011finiz, 400 metrekare alana sahip A Plus hizmet kalitesinde a\u011f\u0131z ve di\u015f sa\u011fl\u0131\u011f\u0131 klini\u011fidir.<\/p>\n<p>Urartu kadrosu CEO\u2019muz Dr. F\u0131rat Ceylan liderli\u011finde, nitelikli ve alan\u0131nda tecr\u00fcbeli di\u015f hekimlerinden olu\u015fuyor. G\u00fczel bir g\u00fcl\u00fcmsemenin bireyin ki\u015fili\u011finde olumlu bir de\u011fi\u015fiklik yarataca\u011f\u0131na inan\u0131yoruz. Bize g\u00fcvenin, \u00fclkedeki en yetenekli profesyoneller taraf\u0131ndan tedaviniz ger\u00e7ekle\u015fecek. Do\u011fal di\u015fler ve m\u00fckemmel bir g\u00fcl\u00fcmseme i\u00e7in kendinize zaman ay\u0131r\u0131n ve ayr\u0131cal\u0131klar\u0131m\u0131zdan yararlan\u0131n.<\/p>\n<p>Ya\u015fad\u0131\u011f\u0131n\u0131z k\u00f6t\u00fc di\u015f klini\u011fi hat\u0131ralar\u0131n\u0131 zihninizden silmeye \u00e7al\u0131\u015ft\u0131\u011f\u0131n\u0131zdan eminiz! Bu nedenle size keyifli deneyimleri, mutlu bir \u015fekilde geriye d\u00f6n\u00fcp bakabilece\u011finiz anlar\u0131 ya\u015fatmak istiyoruz.<\/p>\n<p>Kendinize olan g\u00fcveninizi artt\u0131rmaya ve ba\u015f d\u00f6nd\u00fcrecek bir g\u00fcl\u00fcmsemeye sahip olmaya ne dersiniz? Ekibimizle her kar\u015f\u0131la\u015ft\u0131\u011f\u0131n\u0131zda a\u011f\u0131z sa\u011fl\u0131\u011f\u0131 hakk\u0131nda yeni bir \u015feyler \u00f6\u011frenmeye haz\u0131r m\u0131s\u0131n\u0131z? Di\u015f hekimli\u011fini bir b\u00fct\u00fcn olarak alg\u0131lama \u015feklinizi de\u011fi\u015ftirin! Bug\u00fcn bizi aray\u0131n ve Urartu uzman ekibinden randevu almay\u0131 unutmay\u0131n!<\/p>\n<p>T\u00fcrkiye&#8217;de kaliteli di\u015f tedavisi hizmeti sunmay\u0131 ve \u00fclkenin en iyi di\u015f hekimli\u011fi hizmet sa\u011flay\u0131c\u0131s\u0131 olmak i\u00e7in prestijli uluslararas\u0131 sertifikalar\u0131 ve akreditasyonlar\u0131 almay\u0131 hedefliyoruz. T\u00fcrk ve uluslararas\u0131 hastalar\u0131m\u0131z\u0131n d\u00fcnya standartlar\u0131nda hizmetlerimizden faydalanabilmeleri i\u00e7in daha fazla \u015fube a\u00e7mak i\u00e7in \u00e7al\u0131\u015fmalar\u0131m\u0131z\u0131 h\u0131zland\u0131r\u0131yoruz. Bizi tercih edin, korkular\u0131n\u0131z\u0131 yenerek sa\u011fl\u0131kl\u0131 di\u015flere merhaba deyin!<\/p>\n<\/div>\n<\/div>\n<\/div>\n<\/div>\n<\/div>\n<\/div>\n<\/div>\n<\/div>\n","protected":false},"excerpt":{"rendered":"<p>Di\u015f poliklini\u011fi\u201d dendi\u011finde ak\u0131llara ilk olarak cerrahi g\u00f6r\u00fcn\u00fcml\u00fc bir ortam geliyor olabilir. Fakat biz bu alg\u0131y\u0131 kald\u0131r\u0131yoruz! \u0130stanbul&#8217;un merkezi Fulya\u2019da sa\u011fl\u0131kl\u0131 di\u015flere ve m\u00fckemmel bir g\u00fcl\u00fc\u015fe kavu\u015faca\u011f\u0131n\u0131z bir di\u015f sa\u011fl\u0131\u011f\u0131 merkezi kurduk. Modern ve son teknolojiye sahip olan Urartu\u2019da kendinizi rahat ve iyi hissedebilirsiniz. Di\u015f hekimli\u011fi prosed\u00fcrleriyle ilgili kayg\u0131 ve fobilerin sadece \u00e7ocuklarla s\u0131n\u0131rl\u0131 olmad\u0131\u011f\u0131n\u0131,&#8230;<\/p>\n","protected":false},"author":1,"featured_media":0,"parent":0,"menu_order":0,"comment_status":"closed","ping_status":"closed","template":"","meta":{"footnotes":""},"class_list":["post-1073","page","type-page","status-publish","hentry"],"yoast_head":"<!-- This site is optimized with the Yoast SEO plugin v18.0 - https:\/\/yoast.com\/wordpress\/plugins\/seo\/ -->\n<title>Hakk\u0131m\u0131zda - Urartu Di\u015f<\/title>\n<meta name=\"robots\" content=\"index, follow, max-snippet:-1, max-image-preview:large, max-video-preview:-1\" \/>\n<link rel=\"canonical\" href=\"http:\/\/urartudis.com\/index.php\/about-us\/\" \/>\n<meta property=\"og:locale\" content=\"tr_TR\" \/>\n<meta property=\"og:type\" content=\"article\" \/>\n<meta property=\"og:title\" content=\"Hakk\u0131m\u0131zda - Urartu Di\u015f\" \/>\n<meta property=\"og:description\" content=\"Di\u015f poliklini\u011fi\u201d dendi\u011finde ak\u0131llara ilk olarak cerrahi g\u00f6r\u00fcn\u00fcml\u00fc bir ortam geliyor olabilir. Fakat biz bu alg\u0131y\u0131 kald\u0131r\u0131yoruz! \u0130stanbul&#8217;un merkezi Fulya\u2019da sa\u011fl\u0131kl\u0131 di\u015flere ve m\u00fckemmel bir g\u00fcl\u00fc\u015fe kavu\u015faca\u011f\u0131n\u0131z bir di\u015f sa\u011fl\u0131\u011f\u0131 merkezi kurduk. Modern ve son teknolojiye sahip olan Urartu\u2019da kendinizi rahat ve iyi hissedebilirsiniz. Di\u015f hekimli\u011fi prosed\u00fcrleriyle ilgili kayg\u0131 ve fobilerin sadece \u00e7ocuklarla s\u0131n\u0131rl\u0131 olmad\u0131\u011f\u0131n\u0131,...\" \/>\n<meta property=\"og:url\" content=\"http:\/\/urartudis.com\/index.php\/about-us\/\" \/>\n<meta property=\"og:site_name\" content=\"Urartu Di\u015f\" \/>\n<meta property=\"article:modified_time\" content=\"2022-01-27T14:54:53+00:00\" \/>\n<meta name=\"twitter:card\" content=\"summary_large_image\" \/>\n<meta name=\"twitter:label1\" content=\"Tahmini okuma s\u00fcresi\" \/>\n\t<meta name=\"twitter:data1\" content=\"3 dakika\" \/>\n<script type=\"application\/ld+json\" class=\"yoast-schema-graph\">{\"@context\":\"https:\/\/schema.org\",\"@graph\":[{\"@type\":\"WebSite\",\"@id\":\"https:\/\/urartudis.com\/#website\",\"url\":\"https:\/\/urartudis.com\/\",\"name\":\"Urartu Di\u015f\",\"description\":\"Urartu A Tipi A\u011f\u0131z ve Di\u015f poliklini\u011fi\",\"potentialAction\":[{\"@type\":\"SearchAction\",\"target\":{\"@type\":\"EntryPoint\",\"urlTemplate\":\"https:\/\/urartudis.com\/?s={search_term_string}\"},\"query-input\":\"required name=search_term_string\"}],\"inLanguage\":\"tr\"},{\"@type\":\"WebPage\",\"@id\":\"http:\/\/urartudis.com\/index.php\/about-us\/#webpage\",\"url\":\"http:\/\/urartudis.com\/index.php\/about-us\/\",\"name\":\"Hakk\u0131m\u0131zda - Urartu Di\u015f\",\"isPartOf\":{\"@id\":\"https:\/\/urartudis.com\/#website\"},\"datePublished\":\"2017-08-28T11:34:35+00:00\",\"dateModified\":\"2022-01-27T14:54:53+00:00\",\"breadcrumb\":{\"@id\":\"http:\/\/urartudis.com\/index.php\/about-us\/#breadcrumb\"},\"inLanguage\":\"tr\",\"potentialAction\":[{\"@type\":\"ReadAction\",\"target\":[\"http:\/\/urartudis.com\/index.php\/about-us\/\"]}]},{\"@type\":\"BreadcrumbList\",\"@id\":\"http:\/\/urartudis.com\/index.php\/about-us\/#breadcrumb\",\"itemListElement\":[{\"@type\":\"ListItem\",\"position\":1,\"name\":\"Home\",\"item\":\"https:\/\/urartudis.com\/\"},{\"@type\":\"ListItem\",\"position\":2,\"name\":\"Hakk\u0131m\u0131zda\"}]}]}<\/script>\n<!-- \/ Yoast SEO plugin. -->","yoast_head_json":{"title":"Hakk\u0131m\u0131zda - Urartu Di\u015f","robots":{"index":"index","follow":"follow","max-snippet":"max-snippet:-1","max-image-preview":"max-image-preview:large","max-video-preview":"max-video-preview:-1"},"canonical":"http:\/\/urartudis.com\/index.php\/about-us\/","og_locale":"tr_TR","og_type":"article","og_title":"Hakk\u0131m\u0131zda - Urartu Di\u015f","og_description":"Di\u015f poliklini\u011fi\u201d dendi\u011finde ak\u0131llara ilk olarak cerrahi g\u00f6r\u00fcn\u00fcml\u00fc bir ortam geliyor olabilir. Fakat biz bu alg\u0131y\u0131 kald\u0131r\u0131yoruz! \u0130stanbul&#8217;un merkezi Fulya\u2019da sa\u011fl\u0131kl\u0131 di\u015flere ve m\u00fckemmel bir g\u00fcl\u00fc\u015fe kavu\u015faca\u011f\u0131n\u0131z bir di\u015f sa\u011fl\u0131\u011f\u0131 merkezi kurduk. Modern ve son teknolojiye sahip olan Urartu\u2019da kendinizi rahat ve iyi hissedebilirsiniz. Di\u015f hekimli\u011fi prosed\u00fcrleriyle ilgili kayg\u0131 ve fobilerin sadece \u00e7ocuklarla s\u0131n\u0131rl\u0131 olmad\u0131\u011f\u0131n\u0131,...","og_url":"http:\/\/urartudis.com\/index.php\/about-us\/","og_site_name":"Urartu Di\u015f","article_modified_time":"2022-01-27T14:54:53+00:00","twitter_card":"summary_large_image","twitter_misc":{"Tahmini okuma s\u00fcresi":"3 dakika"},"schema":{"@context":"https:\/\/schema.org","@graph":[{"@type":"WebSite","@id":"https:\/\/urartudis.com\/#website","url":"https:\/\/urartudis.com\/","name":"Urartu Di\u015f","description":"Urartu A Tipi A\u011f\u0131z ve Di\u015f poliklini\u011fi","potentialAction":[{"@type":"SearchAction","target":{"@type":"EntryPoint","urlTemplate":"https:\/\/urartudis.com\/?s={search_term_string}"},"query-input":"required name=search_term_string"}],"inLanguage":"tr"},{"@type":"WebPage","@id":"http:\/\/urartudis.com\/index.php\/about-us\/#webpage","url":"http:\/\/urartudis.com\/index.php\/about-us\/","name":"Hakk\u0131m\u0131zda - Urartu Di\u015f","isPartOf":{"@id":"https:\/\/urartudis.com\/#website"},"datePublished":"2017-08-28T11:34:35+00:00","dateModified":"2022-01-27T14:54:53+00:00","breadcrumb":{"@id":"http:\/\/urartudis.com\/index.php\/about-us\/#breadcrumb"},"inLanguage":"tr","potentialAction":[{"@type":"ReadAction","target":["http:\/\/urartudis.com\/index.php\/about-us\/"]}]},{"@type":"BreadcrumbList","@id":"http:\/\/urartudis.com\/index.php\/about-us\/#breadcrumb","itemListElement":[{"@type":"ListItem","position":1,"name":"Home","item":"https:\/\/urartudis.com\/"},{"@type":"ListItem","position":2,"name":"Hakk\u0131m\u0131zda"}]}]}},"_links":{"self":[{"href":"https:\/\/urartudis.com\/index.php\/wp-json\/wp\/v2\/pages\/1073","targetHints":{"allow":["GET"]}}],"collection":[{"href":"https:\/\/urartudis.com\/index.php\/wp-json\/wp\/v2\/pages"}],"about":[{"href":"https:\/\/urartudis.com\/index.php\/wp-json\/wp\/v2\/types\/page"}],"author":[{"embeddable":true,"href":"https:\/\/urartudis.com\/index.php\/wp-json\/wp\/v2\/users\/1"}],"replies":[{"embeddable":true,"href":"https:\/\/urartudis.com\/index.php\/wp-json\/wp\/v2\/comments?post=1073"}],"version-history":[{"count":8,"href":"https:\/\/urartudis.com\/index.php\/wp-json\/wp\/v2\/pages\/1073\/revisions"}],"predecessor-version":[{"id":2868,"href":"https:\/\/urartudis.com\/index.php\/wp-json\/wp\/v2\/pages\/1073\/revisions\/2868"}],"wp:attachment":[{"href":"https:\/\/urartudis.com\/index.php\/wp-json\/wp\/v2\/media?parent=1073"}],"curies":[{"name":"wp","href":"https:\/\/api.w.org\/{rel}","templated":true}]}}