{"id":2655,"date":"2018-02-13T14:41:56","date_gmt":"2018-02-13T14:41:56","guid":{"rendered":"http:\/\/demo.denta.cmsmasters.net\/?page_id=2655"},"modified":"2022-01-27T12:16:55","modified_gmt":"2022-01-27T09:16:55","slug":"services","status":"publish","type":"page","link":"https:\/\/urartudis.com\/index.php\/services\/","title":{"rendered":"Hizmetlerimiz"},"content":{"rendered":"<div id=\"cmsmasters_row_qu32gaar5n\" class=\"cmsmasters_row cmsmasters_color_scheme_default cmsmasters_row_top_default cmsmasters_row_bot_default cmsmasters_row_boxed\">\n<div class=\"cmsmasters_row_outer_parent\">\n<div class=\"cmsmasters_row_outer\">\n<div class=\"cmsmasters_row_inner\">\n<div class=\"cmsmasters_row_margin\">\n<div id=\"cmsmasters_column_qi4i26bh1m\" class=\"cmsmasters_column one_first\">\n<div class=\"cmsmasters_column_inner\"><div id=\"cmsmasters_heading_yz2o90iqdc\" class=\"cmsmasters_heading_wrap cmsmasters_heading_align_center\">\n\t<h2 class=\"cmsmasters_heading\">Departments &amp; Services<\/h2>\n<\/div><div id=\"cmsmasters_heading_okdc8763pq\" class=\"cmsmasters_heading_wrap cmsmasters_heading_align_center\">\n\t<h4 class=\"cmsmasters_heading\">Patients of the clinic are provided with a full range of services for dental medicine<\/h4>\n<\/div>\n<div id=\"portfolio_a0l5ririms\" class=\"cmsmasters_wrap_portfolio entry-summary\" data-layout=\"grid\" data-layout-mode=\"perfect\" data-url=\"https:\/\/urartudis.com\/wp-content\/plugins\/cmsmasters-content-composer\/\" data-orderby=\"date\" data-order=\"DESC\" data-count=\"6\" data-categories=\"\" data-metadata=\"title,rollover\"><div class=\"portfolio grid large_gap perfect cmsmasters_3\"><!-- Start Service Grid Article -->\r\n<article id=\"post-97\" class=\"cmsmasters_project_grid post-97 project type-project status-publish format-standard has-post-thumbnail hentry pj-categs-services\" data-category=\"services\">\r\n\t<div class=\"project_outer\">\r\n\t<div class=\"cmsmasters_project_images_wrap\"><figure class=\"cmsmasters_img_rollover_wrap preloader\"><img loading=\"lazy\" decoding=\"async\" width=\"580\" height=\"410\" src=\"https:\/\/urartudis.com\/wp-content\/uploads\/2018\/01\/01-580x410.jpg\" class=\"full-width wp-post-image\" alt=\"Diagnostics of Diseases of Dental Tissues\" title=\"01\" srcset=\"https:\/\/urartudis.com\/wp-content\/uploads\/2018\/01\/01-580x410.jpg 580w, https:\/\/urartudis.com\/wp-content\/uploads\/2018\/01\/01-1160x820.jpg 1160w\" sizes=\"auto, (max-width: 580px) 100vw, 580px\" \/><div class=\"cmsmasters_img_rollover\"><a href=\"https:\/\/urartudis.com\/index.php\/service\/diagnostics-of-diseases-of-dental-tissues\/\" title=\"Diagnostics of Diseases of Dental Tissues\" class=\"cmsmasters_open_post_link button\">Read more<\/a><\/div><\/figure><\/div><div class=\"project_inner\"><header class=\"cmsmasters_project_header entry-header\"><h3 class=\"cmsmasters_project_title entry-title\"><a href=\"https:\/\/urartudis.com\/index.php\/service\/diagnostics-of-diseases-of-dental-tissues\/\">Diagnostics of Diseases of Dental Tissues<\/a><\/h3><\/header><\/div><span class=\"dn meta-date\">20170808134525<\/span>\t<\/div>\r\n<\/article>\r\n<!-- Finish Service Grid Article -->\r\n\r\n<!-- Start Service Grid Article -->\r\n<article id=\"post-95\" class=\"cmsmasters_project_grid post-95 project type-project status-publish format-standard has-post-thumbnail hentry pj-categs-services\" data-category=\"services\">\r\n\t<div class=\"project_outer\">\r\n\t<div class=\"cmsmasters_project_images_wrap\"><figure class=\"cmsmasters_img_rollover_wrap preloader\"><img loading=\"lazy\" decoding=\"async\" width=\"580\" height=\"410\" src=\"https:\/\/urartudis.com\/wp-content\/uploads\/2018\/01\/04-580x410.jpg\" class=\"full-width wp-post-image\" alt=\"Treatment of Dental Caries. New Practice\" title=\"04\" srcset=\"https:\/\/urartudis.com\/wp-content\/uploads\/2018\/01\/04-580x410.jpg 580w, https:\/\/urartudis.com\/wp-content\/uploads\/2018\/01\/04-1160x820.jpg 1160w\" sizes=\"auto, (max-width: 580px) 100vw, 580px\" \/><div class=\"cmsmasters_img_rollover\"><a href=\"https:\/\/urartudis.com\/index.php\/service\/treatment-of-dental-caries-new-practice\/\" title=\"Treatment of Dental Caries. New Practice\" class=\"cmsmasters_open_post_link button\">Read more<\/a><\/div><\/figure><\/div><div class=\"project_inner\"><header class=\"cmsmasters_project_header entry-header\"><h3 class=\"cmsmasters_project_title entry-title\"><a href=\"https:\/\/urartudis.com\/index.php\/service\/treatment-of-dental-caries-new-practice\/\">Treatment of Dental Caries. New Practice<\/a><\/h3><\/header><\/div><span class=\"dn meta-date\">20170808134308<\/span>\t<\/div>\r\n<\/article>\r\n<!-- Finish Service Grid Article -->\r\n\r\n<!-- Start Service Grid Article -->\r\n<article id=\"post-99\" class=\"cmsmasters_project_grid post-99 project type-project status-publish format-standard has-post-thumbnail hentry pj-categs-services\" data-category=\"services\">\r\n\t<div class=\"project_outer\">\r\n\t<div class=\"cmsmasters_project_images_wrap\"><figure class=\"cmsmasters_img_rollover_wrap preloader\"><img loading=\"lazy\" decoding=\"async\" width=\"580\" height=\"410\" src=\"https:\/\/urartudis.com\/wp-content\/uploads\/2018\/01\/02-580x410.jpg\" class=\"full-width wp-post-image\" alt=\"Use of Modern Treatment Systems\" title=\"02\" srcset=\"https:\/\/urartudis.com\/wp-content\/uploads\/2018\/01\/02-580x410.jpg 580w, https:\/\/urartudis.com\/wp-content\/uploads\/2018\/01\/02-1160x820.jpg 1160w\" sizes=\"auto, (max-width: 580px) 100vw, 580px\" \/><div class=\"cmsmasters_img_rollover\"><a href=\"https:\/\/urartudis.com\/index.php\/service\/use-of-modern-treatment-systems\/\" title=\"Use of Modern Treatment Systems\" class=\"cmsmasters_open_post_link button\">Read more<\/a><\/div><\/figure><\/div><div class=\"project_inner\"><header class=\"cmsmasters_project_header entry-header\"><h3 class=\"cmsmasters_project_title entry-title\"><a href=\"https:\/\/urartudis.com\/index.php\/service\/use-of-modern-treatment-systems\/\">Use of Modern Treatment Systems<\/a><\/h3><\/header><\/div><span class=\"dn meta-date\">20170808134113<\/span>\t<\/div>\r\n<\/article>\r\n<!-- Finish Service Grid Article -->\r\n\r\n<!-- Start Service Grid Article -->\r\n<article id=\"post-85\" class=\"cmsmasters_project_grid post-85 project type-project status-publish format-standard has-post-thumbnail hentry pj-categs-services\" data-category=\"services\">\r\n\t<div class=\"project_outer\">\r\n\t<div class=\"cmsmasters_project_images_wrap\"><figure class=\"cmsmasters_img_rollover_wrap preloader\"><img loading=\"lazy\" decoding=\"async\" width=\"580\" height=\"410\" src=\"https:\/\/urartudis.com\/wp-content\/uploads\/2018\/01\/03-580x410.jpg\" class=\"full-width wp-post-image\" alt=\"Caries Removal with Ultrasound\" title=\"03\" srcset=\"https:\/\/urartudis.com\/wp-content\/uploads\/2018\/01\/03-580x410.jpg 580w, https:\/\/urartudis.com\/wp-content\/uploads\/2018\/01\/03-1160x820.jpg 1160w\" sizes=\"auto, (max-width: 580px) 100vw, 580px\" \/><div class=\"cmsmasters_img_rollover\"><a href=\"https:\/\/urartudis.com\/index.php\/service\/caries-removal-with-ultrasound\/\" title=\"Caries Removal with Ultrasound\" class=\"cmsmasters_open_post_link button\">Read more<\/a><\/div><\/figure><\/div><div class=\"project_inner\"><header class=\"cmsmasters_project_header entry-header\"><h3 class=\"cmsmasters_project_title entry-title\"><a href=\"https:\/\/urartudis.com\/index.php\/service\/caries-removal-with-ultrasound\/\">Caries Removal with Ultrasound<\/a><\/h3><\/header><\/div><span class=\"dn meta-date\">20170808134032<\/span>\t<\/div>\r\n<\/article>\r\n<!-- Finish Service Grid Article -->\r\n\r\n<!-- Start Service Grid Article -->\r\n<article id=\"post-101\" class=\"cmsmasters_project_grid post-101 project type-project status-publish format-standard has-post-thumbnail hentry pj-categs-services\" data-category=\"services\">\r\n\t<div class=\"project_outer\">\r\n\t<div class=\"cmsmasters_project_images_wrap\"><figure class=\"cmsmasters_img_rollover_wrap preloader\"><img loading=\"lazy\" decoding=\"async\" width=\"580\" height=\"410\" src=\"https:\/\/urartudis.com\/wp-content\/uploads\/2018\/01\/03-580x410.jpg\" class=\"full-width wp-post-image\" alt=\"Treatment of the Oral Mucosa\" title=\"03\" srcset=\"https:\/\/urartudis.com\/wp-content\/uploads\/2018\/01\/03-580x410.jpg 580w, https:\/\/urartudis.com\/wp-content\/uploads\/2018\/01\/03-1160x820.jpg 1160w\" sizes=\"auto, (max-width: 580px) 100vw, 580px\" \/><div class=\"cmsmasters_img_rollover\"><a href=\"https:\/\/urartudis.com\/index.php\/service\/treatment-of-the-oral-mucosa\/\" title=\"Treatment of the Oral Mucosa\" class=\"cmsmasters_open_post_link button\">Read more<\/a><\/div><\/figure><\/div><div class=\"project_inner\"><header class=\"cmsmasters_project_header entry-header\"><h3 class=\"cmsmasters_project_title entry-title\"><a href=\"https:\/\/urartudis.com\/index.php\/service\/treatment-of-the-oral-mucosa\/\">Treatment of the Oral Mucosa<\/a><\/h3><\/header><\/div><span class=\"dn meta-date\">20170808133959<\/span>\t<\/div>\r\n<\/article>\r\n<!-- Finish Service Grid Article -->\r\n\r\n<!-- Start Service Grid Article -->\r\n<article id=\"post-89\" class=\"cmsmasters_project_grid post-89 project type-project status-publish format-standard has-post-thumbnail hentry pj-categs-services\" data-category=\"services\">\r\n\t<div class=\"project_outer\">\r\n\t<div class=\"cmsmasters_project_images_wrap\"><figure class=\"cmsmasters_img_rollover_wrap preloader\"><img loading=\"lazy\" decoding=\"async\" width=\"580\" height=\"410\" src=\"https:\/\/urartudis.com\/wp-content\/uploads\/2018\/01\/05-580x410.jpg\" class=\"full-width wp-post-image\" alt=\"Effective Surgical Treatment of Patients\" title=\"05\" srcset=\"https:\/\/urartudis.com\/wp-content\/uploads\/2018\/01\/05-580x410.jpg 580w, https:\/\/urartudis.com\/wp-content\/uploads\/2018\/01\/05-1160x820.jpg 1160w\" sizes=\"auto, (max-width: 580px) 100vw, 580px\" \/><div class=\"cmsmasters_img_rollover\"><a href=\"https:\/\/urartudis.com\/index.php\/service\/effective-surgical-treatment-of-patients\/\" title=\"Effective Surgical Treatment of Patients\" class=\"cmsmasters_open_post_link button\">Read more<\/a><\/div><\/figure><\/div><div class=\"project_inner\"><header class=\"cmsmasters_project_header entry-header\"><h3 class=\"cmsmasters_project_title entry-title\"><a href=\"https:\/\/urartudis.com\/index.php\/service\/effective-surgical-treatment-of-patients\/\">Effective Surgical Treatment of Patients<\/a><\/h3><\/header><\/div><span class=\"dn meta-date\">20170808133729<\/span>\t<\/div>\r\n<\/article>\r\n<!-- Finish Service Grid Article -->\r\n\r\n<\/div><\/div>\n<\/div><\/div>\n<\/div>\n<\/div>\n<\/div>\n<\/div>\n<\/div>\n<div id=\"cmsmasters_row_615x6jjtoo\" class=\"cmsmasters_row cmsmasters_color_scheme_default cmsmasters_row_top_default cmsmasters_row_bot_default cmsmasters_row_fullwidth\">\n<div class=\"cmsmasters_row_outer_parent\">\n<div class=\"cmsmasters_row_outer\">\n<div class=\"cmsmasters_row_inner cmsmasters_row_fullwidth cmsmasters_row_no_margin\">\n<div class=\"cmsmasters_row_margin cmsmasters_row_columns_behavior\">\n<div id=\"cmsmasters_column_a2w0wc59y\" class=\"cmsmasters_column one_half\">\n<div class=\"cmsmasters_column_inner\"><p><\/p>\n<\/div><\/div>\n<div id=\"cmsmasters_column_ezmw0q4tbc\" class=\"cmsmasters_column one_half\">\n<div class=\"cmsmasters_column_inner\"><div id=\"cmsmasters_heading_1zkx6d1ay8\" class=\"cmsmasters_heading_wrap cmsmasters_heading_align_left\">\n\t<h2 class=\"cmsmasters_heading\">Equipment &amp; Doctors<\/h2>\n<\/div><div id=\"cmsmasters_heading_wn5g58sjcn\" class=\"cmsmasters_heading_wrap cmsmasters_heading_align_left\">\n\t<h2 class=\"cmsmasters_heading\">All the equipment is<\/h2>\n<\/div><div id=\"cmsmasters_heading_g3b1tzhh78\" class=\"cmsmasters_heading_wrap cmsmasters_heading_align_left\">\n\t<h2 class=\"cmsmasters_heading\">specialized and the doctors<\/h2>\n<\/div><div id=\"cmsmasters_heading_n7fr1v66tj\" class=\"cmsmasters_heading_wrap cmsmasters_heading_align_left\">\n\t<h2 class=\"cmsmasters_heading\">are very qualified<\/h2>\n<\/div><div id=\"cmsmasters_button_ltli2q5ix\" class=\"button_wrap\"><a href=\"http:\/\/denta.cmsmasters.net\/find-a-doctor\/\" class=\"cmsmasters_button\"><span>Learn More<\/span><\/a><\/div>\n<\/div><\/div>\n<\/div>\n<\/div>\n<\/div>\n<\/div>\n<\/div>\n<div id=\"cmsmasters_row_oe7xmycc5\" class=\"cmsmasters_row cmsmasters_color_scheme_default cmsmasters_row_top_default cmsmasters_row_bot_default cmsmasters_row_fullwidth\">\n<div class=\"cmsmasters_row_outer_parent\">\n<div class=\"cmsmasters_row_outer\">\n<div class=\"cmsmasters_row_inner cmsmasters_row_fullwidth cmsmasters_row_no_margin\">\n<div class=\"cmsmasters_row_margin cmsmasters_row_columns_behavior\">\n<div id=\"cmsmasters_column_frym0ploh4\" class=\"cmsmasters_column one_half\">\n<div class=\"cmsmasters_column_inner\"><div id=\"cmsmasters_heading_m1oh946un\" class=\"cmsmasters_heading_wrap cmsmasters_heading_align_left\">\n\t<h2 class=\"cmsmasters_heading\">Mission &amp; Values<\/h2>\n<\/div><div id=\"cmsmasters_heading_xsye8ncg1q\" class=\"cmsmasters_heading_wrap cmsmasters_heading_align_left\">\n\t<h2 class=\"cmsmasters_heading\">Our integrated health<\/h2>\n<\/div><div id=\"cmsmasters_heading_y1zeyc5gai\" class=\"cmsmasters_heading_wrap cmsmasters_heading_align_left\">\n\t<h2 class=\"cmsmasters_heading\">care system provides<\/h2>\n<\/div><div id=\"cmsmasters_heading_shrb0i6jtl\" class=\"cmsmasters_heading_wrap cmsmasters_heading_align_left\">\n\t<h2 class=\"cmsmasters_heading\">exceptional care<\/h2>\n<\/div><div class=\"cmsmasters_img  cmsmasters_image_l\"><img decoding=\"async\" src=\"https:\/\/urartudis.com\/wp-content\/uploads\/2017\/08\/2-1-2.png\" \/><\/div>\n<\/div><\/div>\n<div id=\"cmsmasters_column_2t0djbtn4b\" class=\"cmsmasters_column one_half\">\n<div class=\"cmsmasters_column_inner\"><\/div><\/div>\n<\/div>\n<\/div>\n<\/div>\n<\/div>\n<\/div>\n<div id=\"cmsmasters_row_fab5dulg23\" class=\"cmsmasters_row cmsmasters_color_scheme_third cmsmasters_row_top_default cmsmasters_row_bot_default cmsmasters_row_boxed\">\n<div class=\"cmsmasters_row_outer_parent\">\n<div class=\"cmsmasters_row_outer\">\n<div class=\"cmsmasters_row_inner\">\n<div class=\"cmsmasters_row_margin\">\n<div id=\"cmsmasters_column_0xr0fq3nue\" class=\"cmsmasters_column one_first\">\n<div class=\"cmsmasters_column_inner\"><div class=\"cmsmasters_text\">\n<h3 style=\"text-align: center;\"><span style=\"font-size: 28px; line-height: 36px; font-weight: 300;\">Make your dream smile a reality! Call us at 1-800-553-3364 or <a style=\"border-bottom: 2px solid; font-size: 28px; line-height: 28px; font-weight: 300;\" href=\"http:\/\/denta.cmsmasters.net\/make-appointments\/\">make an appointment<\/a><\/span><\/h3>\n<\/div>\n<\/div><\/div>\n<\/div>\n<\/div>\n<\/div>\n<\/div>\n<\/div>\n<div id=\"cmsmasters_row_trs00cyki\" class=\"cmsmasters_row cmsmasters_color_scheme_third cmsmasters_row_top_default cmsmasters_row_bot_default cmsmasters_row_boxed\">\n<div class=\"cmsmasters_row_outer_parent\">\n<div class=\"cmsmasters_row_outer\">\n<div class=\"cmsmasters_row_inner\">\n<div class=\"cmsmasters_row_margin\">\n<div id=\"cmsmasters_column_0bd6tmssn3\" class=\"cmsmasters_column one_fourth\">\n<div class=\"cmsmasters_column_inner\"><div id=\"cmsmasters_heading_yhnslc3if6\" class=\"cmsmasters_heading_wrap cmsmasters_heading_align_left\">\n\t<h2 class=\"cmsmasters_heading\">Links<\/h2>\n<\/div><div class=\"cmsmasters_text\">\n<h3><a style=\"font-size: 20px; line-height: 30px; font-weight: 300;\" href=\"http:\/\/denta.cmsmasters.net\/contacts\/\">24\/7 Helpline<\/a><br \/>\n<a style=\"font-size: 20px; line-height: 30px; font-weight: 300;\" href=\"http:\/\/denta.cmsmasters.net\/make-appointments\/\">Book an Appointment<\/a><\/h3>\n<\/div>\n<\/div><\/div>\n<div id=\"cmsmasters_column_p32fqbon3\" class=\"cmsmasters_column one_fourth\">\n<div class=\"cmsmasters_column_inner\"><div id=\"cmsmasters_heading_ddmz0fp6w\" class=\"cmsmasters_heading_wrap cmsmasters_heading_align_left\">\n\t<h2 class=\"cmsmasters_heading\">Office<\/h2>\n<\/div><div class=\"cmsmasters_text\">\n<h3><span style=\"font-size: 20px; line-height: 30px; font-weight: 300;\">888 Broadway<\/span><br \/>\n<span style=\"font-size: 20px; line-height: 30px; font-weight: 300;\">New York, NY, 18813<\/span><\/h3>\n<\/div>\n<\/div><\/div>\n<div id=\"cmsmasters_column_pnq8wuem3h\" class=\"cmsmasters_column one_fourth\">\n<div class=\"cmsmasters_column_inner\"><div id=\"cmsmasters_heading_g6o7zqaodb\" class=\"cmsmasters_heading_wrap cmsmasters_heading_align_left\">\n\t<h2 class=\"cmsmasters_heading\">Contact<\/h2>\n<\/div><div class=\"cmsmasters_text\">\n<h3><span style=\"font-size: 20px; line-height: 30px; font-weight: 300;\"><a style=\"font-size: 20px; line-height: 30px; font-weight: 300;\" href=\"mailto:#\">info@dentalcare.com<\/a><\/span><br \/>\n<span style=\"font-size: 20px; line-height: 30px; font-weight: 300;\">123-123-1234<\/span><\/h3>\n<\/div>\n<\/div><\/div>\n<div id=\"cmsmasters_column_01gq5fs519\" class=\"cmsmasters_column one_fourth\">\n<div class=\"cmsmasters_column_inner\"><div id=\"cmsmasters_heading_v8b14iafcu\" class=\"cmsmasters_heading_wrap cmsmasters_heading_align_left\">\n\t<h2 class=\"cmsmasters_heading\">Open hours<\/h2>\n<\/div><div class=\"cmsmasters_text\">\n<h3><span style=\"font-size: 20px; line-height: 30px; font-weight: 300;\">Monday-Friday: 11am-8pm<\/span><br \/>\n<span style=\"font-size: 20px; line-height: 30px; font-weight: 300;\">Weekend: 10am-6pm<\/span><\/h3>\n<\/div>\n<\/div><\/div>\n<\/div>\n<\/div>\n<\/div>\n<\/div>\n<\/div>\n\n","protected":false},"excerpt":{"rendered":"","protected":false},"author":1,"featured_media":0,"parent":0,"menu_order":0,"comment_status":"closed","ping_status":"closed","template":"","meta":{"footnotes":""},"class_list":["post-2655","page","type-page","status-publish","hentry"],"yoast_head":"<!-- This site is optimized with the Yoast SEO plugin v18.0 - https:\/\/yoast.com\/wordpress\/plugins\/seo\/ -->\n<title>Hizmetlerimiz - Urartu Di\u015f<\/title>\n<meta name=\"robots\" content=\"index, follow, max-snippet:-1, max-image-preview:large, max-video-preview:-1\" \/>\n<link rel=\"canonical\" href=\"https:\/\/urartudis.com\/index.php\/services\/\" \/>\n<meta property=\"og:locale\" content=\"tr_TR\" \/>\n<meta property=\"og:type\" content=\"article\" \/>\n<meta property=\"og:title\" content=\"Hizmetlerimiz - Urartu Di\u015f\" \/>\n<meta property=\"og:url\" content=\"https:\/\/urartudis.com\/index.php\/services\/\" \/>\n<meta property=\"og:site_name\" content=\"Urartu Di\u015f\" \/>\n<meta property=\"article:modified_time\" content=\"2022-01-27T09:16:55+00:00\" \/>\n<meta name=\"twitter:card\" content=\"summary_large_image\" \/>\n<meta name=\"twitter:label1\" content=\"Tahmini okuma s\u00fcresi\" \/>\n\t<meta name=\"twitter:data1\" content=\"8 dakika\" \/>\n<script type=\"application\/ld+json\" class=\"yoast-schema-graph\">{\"@context\":\"https:\/\/schema.org\",\"@graph\":[{\"@type\":\"WebSite\",\"@id\":\"https:\/\/urartudis.com\/#website\",\"url\":\"https:\/\/urartudis.com\/\",\"name\":\"Urartu Di\u015f\",\"description\":\"Urartu A Tipi A\u011f\u0131z ve Di\u015f poliklini\u011fi\",\"potentialAction\":[{\"@type\":\"SearchAction\",\"target\":{\"@type\":\"EntryPoint\",\"urlTemplate\":\"https:\/\/urartudis.com\/?s={search_term_string}\"},\"query-input\":\"required name=search_term_string\"}],\"inLanguage\":\"tr\"},{\"@type\":\"WebPage\",\"@id\":\"https:\/\/urartudis.com\/index.php\/services\/#webpage\",\"url\":\"https:\/\/urartudis.com\/index.php\/services\/\",\"name\":\"Hizmetlerimiz - Urartu Di\u015f\",\"isPartOf\":{\"@id\":\"https:\/\/urartudis.com\/#website\"},\"datePublished\":\"2018-02-13T14:41:56+00:00\",\"dateModified\":\"2022-01-27T09:16:55+00:00\",\"breadcrumb\":{\"@id\":\"https:\/\/urartudis.com\/index.php\/services\/#breadcrumb\"},\"inLanguage\":\"tr\",\"potentialAction\":[{\"@type\":\"ReadAction\",\"target\":[\"https:\/\/urartudis.com\/index.php\/services\/\"]}]},{\"@type\":\"BreadcrumbList\",\"@id\":\"https:\/\/urartudis.com\/index.php\/services\/#breadcrumb\",\"itemListElement\":[{\"@type\":\"ListItem\",\"position\":1,\"name\":\"Home\",\"item\":\"https:\/\/urartudis.com\/\"},{\"@type\":\"ListItem\",\"position\":2,\"name\":\"Hizmetlerimiz\"}]}]}<\/script>\n<!-- \/ Yoast SEO plugin. -->","yoast_head_json":{"title":"Hizmetlerimiz - Urartu Di\u015f","robots":{"index":"index","follow":"follow","max-snippet":"max-snippet:-1","max-image-preview":"max-image-preview:large","max-video-preview":"max-video-preview:-1"},"canonical":"https:\/\/urartudis.com\/index.php\/services\/","og_locale":"tr_TR","og_type":"article","og_title":"Hizmetlerimiz - Urartu Di\u015f","og_url":"https:\/\/urartudis.com\/index.php\/services\/","og_site_name":"Urartu Di\u015f","article_modified_time":"2022-01-27T09:16:55+00:00","twitter_card":"summary_large_image","twitter_misc":{"Tahmini okuma s\u00fcresi":"8 dakika"},"schema":{"@context":"https:\/\/schema.org","@graph":[{"@type":"WebSite","@id":"https:\/\/urartudis.com\/#website","url":"https:\/\/urartudis.com\/","name":"Urartu Di\u015f","description":"Urartu A Tipi A\u011f\u0131z ve Di\u015f poliklini\u011fi","potentialAction":[{"@type":"SearchAction","target":{"@type":"EntryPoint","urlTemplate":"https:\/\/urartudis.com\/?s={search_term_string}"},"query-input":"required name=search_term_string"}],"inLanguage":"tr"},{"@type":"WebPage","@id":"https:\/\/urartudis.com\/index.php\/services\/#webpage","url":"https:\/\/urartudis.com\/index.php\/services\/","name":"Hizmetlerimiz - Urartu Di\u015f","isPartOf":{"@id":"https:\/\/urartudis.com\/#website"},"datePublished":"2018-02-13T14:41:56+00:00","dateModified":"2022-01-27T09:16:55+00:00","breadcrumb":{"@id":"https:\/\/urartudis.com\/index.php\/services\/#breadcrumb"},"inLanguage":"tr","potentialAction":[{"@type":"ReadAction","target":["https:\/\/urartudis.com\/index.php\/services\/"]}]},{"@type":"BreadcrumbList","@id":"https:\/\/urartudis.com\/index.php\/services\/#breadcrumb","itemListElement":[{"@type":"ListItem","position":1,"name":"Home","item":"https:\/\/urartudis.com\/"},{"@type":"ListItem","position":2,"name":"Hizmetlerimiz"}]}]}},"_links":{"self":[{"href":"https:\/\/urartudis.com\/index.php\/wp-json\/wp\/v2\/pages\/2655","targetHints":{"allow":["GET"]}}],"collection":[{"href":"https:\/\/urartudis.com\/index.php\/wp-json\/wp\/v2\/pages"}],"about":[{"href":"https:\/\/urartudis.com\/index.php\/wp-json\/wp\/v2\/types\/page"}],"author":[{"embeddable":true,"href":"https:\/\/urartudis.com\/index.php\/wp-json\/wp\/v2\/users\/1"}],"replies":[{"embeddable":true,"href":"https:\/\/urartudis.com\/index.php\/wp-json\/wp\/v2\/comments?post=2655"}],"version-history":[{"count":1,"href":"https:\/\/urartudis.com\/index.php\/wp-json\/wp\/v2\/pages\/2655\/revisions"}],"predecessor-version":[{"id":2751,"href":"https:\/\/urartudis.com\/index.php\/wp-json\/wp\/v2\/pages\/2655\/revisions\/2751"}],"wp:attachment":[{"href":"https:\/\/urartudis.com\/index.php\/wp-json\/wp\/v2\/media?parent=2655"}],"curies":[{"name":"wp","href":"https:\/\/api.w.org\/{rel}","templated":true}]}}