{"id":974,"date":"2017-08-24T20:52:49","date_gmt":"2017-08-24T20:52:49","guid":{"rendered":"http:\/\/denta.cmsmasters.net\/?page_id=974"},"modified":"2022-01-27T18:17:02","modified_gmt":"2022-01-27T15:17:02","slug":"contacts","status":"publish","type":"page","link":"https:\/\/urartudis.com\/index.php\/contacts\/","title":{"rendered":""},"content":{"rendered":"\n<p><\/p>\n\n\n\n<p><\/p>\n\n\n\n<p><\/p>\n\n\n\n<p><\/p>\n\n\n\n<p><\/p>\n\n\n\n<p><\/p>\n\n\n\n<p><\/p>\n\n\n\n<p><\/p>\n\n\n\n<p><\/p>\n\n\n<p>\u00a0<\/p>\n<p>\u0130leti\u015fim.<\/p>\n<p>.<\/p>\n<p>\u00a0<\/p>\n<h1 class=\"wp-block wp-block-post-title block-editor-block-list__block editor-post-title editor-post-title__input rich-text is-selected has-fixed-toolbar\" role=\"textbox\" contenteditable=\"true\" aria-label=\"Ba\u015fl\u0131k ekle\" aria-multiline=\"true\">\u0130leti\u015fim<\/h1>\n<p>Halila\u011fa Mahallesi. \u0130pekyolu Bulvar\u0131 no : 157\/A<\/p>\n<h3>\u0130pekyolu Van<\/h3>\n<div id=\"cmsmasters_heading_wmq8f31dwh\" class=\"cmsmasters_heading_wrap cmsmasters_heading_align_left\">\n<h2 class=\"cmsmasters_heading\">Telefon<\/h2>\n<\/div>\n<div class=\"cmsmasters_text\">\n<p>0534 888 48 15<\/p>\n<\/div>\n<div id=\"cmsmasters_heading_z9tjdhi56\" class=\"cmsmasters_heading_wrap cmsmasters_heading_align_left\">\n<h2 class=\"cmsmasters_heading\">\u00c7al\u0131\u015fma Saatleri<\/h2>\n<\/div>\n<div class=\"cmsmasters_text\">\n<h3>Pazartesi \u2013 Cumartesi: 09:00 \u2013 19:30<br \/>Pazar : Kapal\u0131<\/h3>\n<\/div>\n<p>\u00a0<\/p>\n\n\n<iframe src=\"https:\/\/www.google.com\/maps\/embed?pb=!1m18!1m12!1m3!1d3122.6852227145087!2d43.36984831561932!3d38.494904779634915!2m3!1f0!2f0!3f0!3m2!1i1024!2i768!4f13.1!3m3!1m2!1s0x401271eb964a8fa1%3A0x3ef73f7ba26da2ea!2zVVJBVFUgQSBUxLBQxLAgQcSeSVogVkUgRMSwxZ4gU0HEnkxJxJ5JIFBPTMSwS0zEsE7EsMSexLA!5e0!3m2!1str!2str!4v1643295975444!5m2!1str!2str\" width=\"800\" height=\"600\" style=\"border:0;\" allowfullscreen=\"\" loading=\"lazy\"><\/iframe>\n","protected":false},"excerpt":{"rendered":"<p>\u00a0 \u0130leti\u015fim. . \u00a0 \u0130leti\u015fim Halila\u011fa Mahallesi. \u0130pekyolu Bulvar\u0131 no : 157\/A \u0130pekyolu Van Telefon 0534 888 48 15 \u00c7al\u0131\u015fma Saatleri Pazartesi \u2013 Cumartesi: 09:00 \u2013 19:30Pazar : Kapal\u0131 \u00a0<\/p>\n","protected":false},"author":1,"featured_media":0,"parent":0,"menu_order":0,"comment_status":"closed","ping_status":"closed","template":"","meta":{"footnotes":""},"class_list":["post-974","page","type-page","status-publish","hentry"],"yoast_head":"<!-- This site is optimized with the Yoast SEO plugin v18.0 - https:\/\/yoast.com\/wordpress\/plugins\/seo\/ -->\n<title>- Urartu Di\u015f<\/title>\n<meta name=\"robots\" content=\"index, follow, max-snippet:-1, max-image-preview:large, max-video-preview:-1\" \/>\n<link rel=\"canonical\" href=\"http:\/\/urartudis.com\/index.php\/contacts\/\" \/>\n<meta property=\"og:locale\" content=\"tr_TR\" \/>\n<meta property=\"og:type\" content=\"article\" \/>\n<meta property=\"og:title\" content=\"- Urartu Di\u015f\" \/>\n<meta property=\"og:description\" content=\"\u00a0 \u0130leti\u015fim. . \u00a0 \u0130leti\u015fim Halila\u011fa Mahallesi. \u0130pekyolu Bulvar\u0131 no : 157\/A \u0130pekyolu Van Telefon 0534 888 48 15 \u00c7al\u0131\u015fma Saatleri Pazartesi \u2013 Cumartesi: 09:00 \u2013 19:30Pazar : Kapal\u0131 \u00a0\" \/>\n<meta property=\"og:url\" content=\"http:\/\/urartudis.com\/index.php\/contacts\/\" \/>\n<meta property=\"og:site_name\" content=\"Urartu Di\u015f\" \/>\n<meta property=\"article:modified_time\" content=\"2022-01-27T15:17:02+00:00\" \/>\n<meta name=\"twitter:card\" content=\"summary_large_image\" \/>\n<meta name=\"twitter:label1\" content=\"Tahmini okuma s\u00fcresi\" \/>\n\t<meta name=\"twitter:data1\" content=\"1 dakika\" \/>\n<script type=\"application\/ld+json\" class=\"yoast-schema-graph\">{\"@context\":\"https:\/\/schema.org\",\"@graph\":[{\"@type\":\"WebSite\",\"@id\":\"https:\/\/urartudis.com\/#website\",\"url\":\"https:\/\/urartudis.com\/\",\"name\":\"Urartu Di\u015f\",\"description\":\"Urartu A Tipi A\u011f\u0131z ve Di\u015f poliklini\u011fi\",\"potentialAction\":[{\"@type\":\"SearchAction\",\"target\":{\"@type\":\"EntryPoint\",\"urlTemplate\":\"https:\/\/urartudis.com\/?s={search_term_string}\"},\"query-input\":\"required name=search_term_string\"}],\"inLanguage\":\"tr\"},{\"@type\":\"WebPage\",\"@id\":\"http:\/\/urartudis.com\/index.php\/contacts\/#webpage\",\"url\":\"http:\/\/urartudis.com\/index.php\/contacts\/\",\"name\":\"- Urartu Di\u015f\",\"isPartOf\":{\"@id\":\"https:\/\/urartudis.com\/#website\"},\"datePublished\":\"2017-08-24T20:52:49+00:00\",\"dateModified\":\"2022-01-27T15:17:02+00:00\",\"breadcrumb\":{\"@id\":\"http:\/\/urartudis.com\/index.php\/contacts\/#breadcrumb\"},\"inLanguage\":\"tr\",\"potentialAction\":[{\"@type\":\"ReadAction\",\"target\":[\"http:\/\/urartudis.com\/index.php\/contacts\/\"]}]},{\"@type\":\"BreadcrumbList\",\"@id\":\"http:\/\/urartudis.com\/index.php\/contacts\/#breadcrumb\",\"itemListElement\":[{\"@type\":\"ListItem\",\"position\":1,\"name\":\"Home\",\"item\":\"https:\/\/urartudis.com\/\"},{\"@type\":\"ListItem\",\"position\":2,\"name\":\"\"}]}]}<\/script>\n<!-- \/ Yoast SEO plugin. -->","yoast_head_json":{"title":"- Urartu Di\u015f","robots":{"index":"index","follow":"follow","max-snippet":"max-snippet:-1","max-image-preview":"max-image-preview:large","max-video-preview":"max-video-preview:-1"},"canonical":"http:\/\/urartudis.com\/index.php\/contacts\/","og_locale":"tr_TR","og_type":"article","og_title":"- Urartu Di\u015f","og_description":"\u00a0 \u0130leti\u015fim. . \u00a0 \u0130leti\u015fim Halila\u011fa Mahallesi. \u0130pekyolu Bulvar\u0131 no : 157\/A \u0130pekyolu Van Telefon 0534 888 48 15 \u00c7al\u0131\u015fma Saatleri Pazartesi \u2013 Cumartesi: 09:00 \u2013 19:30Pazar : Kapal\u0131 \u00a0","og_url":"http:\/\/urartudis.com\/index.php\/contacts\/","og_site_name":"Urartu Di\u015f","article_modified_time":"2022-01-27T15:17:02+00:00","twitter_card":"summary_large_image","twitter_misc":{"Tahmini okuma s\u00fcresi":"1 dakika"},"schema":{"@context":"https:\/\/schema.org","@graph":[{"@type":"WebSite","@id":"https:\/\/urartudis.com\/#website","url":"https:\/\/urartudis.com\/","name":"Urartu Di\u015f","description":"Urartu A Tipi A\u011f\u0131z ve Di\u015f poliklini\u011fi","potentialAction":[{"@type":"SearchAction","target":{"@type":"EntryPoint","urlTemplate":"https:\/\/urartudis.com\/?s={search_term_string}"},"query-input":"required name=search_term_string"}],"inLanguage":"tr"},{"@type":"WebPage","@id":"http:\/\/urartudis.com\/index.php\/contacts\/#webpage","url":"http:\/\/urartudis.com\/index.php\/contacts\/","name":"- Urartu Di\u015f","isPartOf":{"@id":"https:\/\/urartudis.com\/#website"},"datePublished":"2017-08-24T20:52:49+00:00","dateModified":"2022-01-27T15:17:02+00:00","breadcrumb":{"@id":"http:\/\/urartudis.com\/index.php\/contacts\/#breadcrumb"},"inLanguage":"tr","potentialAction":[{"@type":"ReadAction","target":["http:\/\/urartudis.com\/index.php\/contacts\/"]}]},{"@type":"BreadcrumbList","@id":"http:\/\/urartudis.com\/index.php\/contacts\/#breadcrumb","itemListElement":[{"@type":"ListItem","position":1,"name":"Home","item":"https:\/\/urartudis.com\/"},{"@type":"ListItem","position":2,"name":""}]}]}},"_links":{"self":[{"href":"https:\/\/urartudis.com\/index.php\/wp-json\/wp\/v2\/pages\/974","targetHints":{"allow":["GET"]}}],"collection":[{"href":"https:\/\/urartudis.com\/index.php\/wp-json\/wp\/v2\/pages"}],"about":[{"href":"https:\/\/urartudis.com\/index.php\/wp-json\/wp\/v2\/types\/page"}],"author":[{"embeddable":true,"href":"https:\/\/urartudis.com\/index.php\/wp-json\/wp\/v2\/users\/1"}],"replies":[{"embeddable":true,"href":"https:\/\/urartudis.com\/index.php\/wp-json\/wp\/v2\/comments?post=974"}],"version-history":[{"count":21,"href":"https:\/\/urartudis.com\/index.php\/wp-json\/wp\/v2\/pages\/974\/revisions"}],"predecessor-version":[{"id":2885,"href":"https:\/\/urartudis.com\/index.php\/wp-json\/wp\/v2\/pages\/974\/revisions\/2885"}],"wp:attachment":[{"href":"https:\/\/urartudis.com\/index.php\/wp-json\/wp\/v2\/media?parent=974"}],"curies":[{"name":"wp","href":"https:\/\/api.w.org\/{rel}","templated":true}]}}